{"id":261,"date":"2017-02-28T12:36:56","date_gmt":"2017-02-28T12:36:56","guid":{"rendered":"http:\/\/sjuridico.umh.es\/?page_id=261"},"modified":"2021-10-18T10:10:36","modified_gmt":"2021-10-18T08:10:36","slug":"administracion-electronica","status":"publish","type":"page","link":"https:\/\/sjuridico.umh.es\/en\/normativa\/normativa-umh\/administracion-electronica\/","title":{"rendered":"<span lang=\"es\">(Espa\u00f1ol) Administraci\u00f3n Electr\u00f3nica<\/span>"},"content":{"rendered":"<p class=\"qtranxs-available-languages-message qtranxs-available-languages-message-en\">Sorry, this entry is only available in <a href=\"https:\/\/sjuridico.umh.es\/es\/wp-json\/wp\/v2\/pages\/261\" class=\"qtranxs-available-language-link qtranxs-available-language-link-es\" title=\"Espa\u00f1ol\">European Spanish<\/a>.<\/p>","protected":false},"excerpt":{"rendered":"<p>Sorry, this entry is only available in European Spanish.<\/p>\n","protected":false},"author":3464,"featured_media":0,"parent":39,"menu_order":1,"comment_status":"closed","ping_status":"closed","template":"","meta":{"_links_to":"","_links_to_target":""},"_links":{"self":[{"href":"https:\/\/sjuridico.umh.es\/en\/wp-json\/wp\/v2\/pages\/261"}],"collection":[{"href":"https:\/\/sjuridico.umh.es\/en\/wp-json\/wp\/v2\/pages"}],"about":[{"href":"https:\/\/sjuridico.umh.es\/en\/wp-json\/wp\/v2\/types\/page"}],"author":[{"embeddable":true,"href":"https:\/\/sjuridico.umh.es\/en\/wp-json\/wp\/v2\/users\/3464"}],"replies":[{"embeddable":true,"href":"https:\/\/sjuridico.umh.es\/en\/wp-json\/wp\/v2\/comments?post=261"}],"version-history":[{"count":0,"href":"https:\/\/sjuridico.umh.es\/en\/wp-json\/wp\/v2\/pages\/261\/revisions"}],"up":[{"embeddable":true,"href":"https:\/\/sjuridico.umh.es\/en\/wp-json\/wp\/v2\/pages\/39"}],"wp:attachment":[{"href":"https:\/\/sjuridico.umh.es\/en\/wp-json\/wp\/v2\/media?parent=261"}],"curies":[{"name":"wp","href":"https:\/\/api.w.org\/{rel}","templated":true}]}}