{"id":655,"date":"2026-01-12T09:33:04","date_gmt":"2026-01-12T08:33:04","guid":{"rendered":"https:\/\/sjuridico.umh.es\/?page_id=655"},"modified":"2026-02-20T09:52:00","modified_gmt":"2026-02-20T08:52:00","slug":"carta-de-servicios","status":"publish","type":"page","link":"https:\/\/sjuridico.umh.es\/ca\/carta-de-servicios\/","title":{"rendered":"CARTA DE SERVEIS"},"content":{"rendered":"<p><span dir=\"auto\" style=\"vertical-align: inherit\"><span dir=\"auto\" style=\"vertical-align: inherit\">La carta de servei \u00e9s una eina utilitzada per les administracions p\u00fabliques i les empreses per comunicar p\u00fablicament als seus usuaris els serveis que ofereixen, els compromisos que assumeixen en la protecci\u00f3 dels seus serveis i els drets i les obligacions que els assisteixen.<\/span><\/span><\/p>\n<p><strong><span dir=\"auto\" style=\"vertical-align: inherit\"><span dir=\"auto\" style=\"vertical-align: inherit\">L\u00b4establiment d\u00b4aquests compromisos \u00e9s una mesura de responsabilitat social amb la qual ens comprometrem a mantenir el nostre nivell de qualitat.<\/span><\/span><\/strong><\/p>\n<p><a href=\"https:\/\/cartadeservicios.umh.es\/cartas_servicio\/SERVICIO_JUR%C3%8DDICO\/#p=1\" target=\"_blank\" rel=\"noopener\"><span dir=\"auto\" style=\"vertical-align: inherit\"><span dir=\"auto\" style=\"vertical-align: inherit\">Carta de serveis<\/span><\/span><\/a><\/p>\n<p>&nbsp;<\/p>","protected":false},"excerpt":{"rendered":"<p>La carta de servei \u00e9s una eina utilitzada per les administracions p\u00fabliques i les empreses per comunicar p\u00fablicament als seus usuaris els serveis que ofereixen, els compromisos que assumeixen en la protecci\u00f3 dels seus serveis i els drets i les obligacions que els assisteixen.<br \/>\nL\u00b4establiment d\u00b4aquests compromisos \u00e9s una mesura de responsabilitat social amb la qual [&#8230;]<\/p>\n","protected":false},"author":368,"featured_media":0,"parent":0,"menu_order":0,"comment_status":"closed","ping_status":"closed","template":"","meta":{"_links_to":"","_links_to_target":""},"_links":{"self":[{"href":"https:\/\/sjuridico.umh.es\/ca\/wp-json\/wp\/v2\/pages\/655"}],"collection":[{"href":"https:\/\/sjuridico.umh.es\/ca\/wp-json\/wp\/v2\/pages"}],"about":[{"href":"https:\/\/sjuridico.umh.es\/ca\/wp-json\/wp\/v2\/types\/page"}],"author":[{"embeddable":true,"href":"https:\/\/sjuridico.umh.es\/ca\/wp-json\/wp\/v2\/users\/368"}],"replies":[{"embeddable":true,"href":"https:\/\/sjuridico.umh.es\/ca\/wp-json\/wp\/v2\/comments?post=655"}],"version-history":[{"count":0,"href":"https:\/\/sjuridico.umh.es\/ca\/wp-json\/wp\/v2\/pages\/655\/revisions"}],"wp:attachment":[{"href":"https:\/\/sjuridico.umh.es\/ca\/wp-json\/wp\/v2\/media?parent=655"}],"curies":[{"name":"wp","href":"https:\/\/api.w.org\/{rel}","templated":true}]}}