{"id":51,"date":"2014-06-03T11:37:30","date_gmt":"2014-06-03T11:37:30","guid":{"rendered":"http:\/\/sjuridico.umh.es\/?page_id=51"},"modified":"2020-04-28T09:25:16","modified_gmt":"2020-04-28T07:25:16","slug":"organos-de-gobierno-y-representacion-2","status":"publish","type":"page","link":"https:\/\/sjuridico.umh.es\/ca\/normativa\/normativa-umh\/organos-de-gobierno-y-representacion-2\/","title":{"rendered":"<span lang=\"es\">(Espa\u00f1ol) \u00d3rganos de Gobierno y Representaci\u00f3n<\/span>"},"content":{"rendered":"<p class=\"qtranxs-available-languages-message qtranxs-available-languages-message-ca\">Ho sentim, aquesta entrada es troba disponible \u00fanicament en <a href=\"https:\/\/sjuridico.umh.es\/es\/wp-json\/wp\/v2\/pages\/51\" class=\"qtranxs-available-language-link qtranxs-available-language-link-es\" title=\"Espa\u00f1ol\">Espanyol Europeu<\/a>.<\/p>","protected":false},"excerpt":{"rendered":"<p>Ho sentim, aquesta entrada es troba disponible \u00fanicament en Espanyol Europeu.<\/p>\n","protected":false},"author":3034,"featured_media":0,"parent":39,"menu_order":10,"comment_status":"closed","ping_status":"open","template":"","meta":{"_links_to":"","_links_to_target":""},"_links":{"self":[{"href":"https:\/\/sjuridico.umh.es\/ca\/wp-json\/wp\/v2\/pages\/51"}],"collection":[{"href":"https:\/\/sjuridico.umh.es\/ca\/wp-json\/wp\/v2\/pages"}],"about":[{"href":"https:\/\/sjuridico.umh.es\/ca\/wp-json\/wp\/v2\/types\/page"}],"author":[{"embeddable":true,"href":"https:\/\/sjuridico.umh.es\/ca\/wp-json\/wp\/v2\/users\/3034"}],"replies":[{"embeddable":true,"href":"https:\/\/sjuridico.umh.es\/ca\/wp-json\/wp\/v2\/comments?post=51"}],"version-history":[{"count":0,"href":"https:\/\/sjuridico.umh.es\/ca\/wp-json\/wp\/v2\/pages\/51\/revisions"}],"up":[{"embeddable":true,"href":"https:\/\/sjuridico.umh.es\/ca\/wp-json\/wp\/v2\/pages\/39"}],"wp:attachment":[{"href":"https:\/\/sjuridico.umh.es\/ca\/wp-json\/wp\/v2\/media?parent=51"}],"curies":[{"name":"wp","href":"https:\/\/api.w.org\/{rel}","templated":true}]}}